{"id":8408,"date":"2024-10-10T09:56:16","date_gmt":"2024-10-10T07:56:16","guid":{"rendered":"https:\/\/darwin-io.fr\/?page_id=8408"},"modified":"2025-06-23T13:28:19","modified_gmt":"2025-06-23T11:28:19","slug":"solution-ava","status":"publish","type":"page","link":"https:\/\/darwin-io.fr\/index.php\/solution-ava\/","title":{"rendered":"Solution AVA"},"content":{"rendered":"<section class=\"wpb-content-wrapper\"><p>[vc_section full_width=&#8221;stretch_row_content&#8221; css=&#8221;.vc_custom_1728546826406{margin-top: -170px !important;margin-bottom: 0px !important;border-top-width: -170px !important;padding-top: 30px !important;padding-bottom: 0px !important;}&#8221;][vc_row full_width=&#8221;stretch_row&#8221; content_placement=&#8221;middle&#8221;][vc_column width=&#8221;1\/3&#8243; css=&#8221;.vc_custom_1686647706309{padding-right: 40px !important;padding-left: 40px !important;}&#8221;][\/vc_column][vc_column width=&#8221;1\/3&#8243;][vc_single_image image=&#8221;8253&#8243; img_size=&#8221;full&#8221; alignment=&#8221;center&#8221; onclick=&#8221;link_image&#8221;][\/vc_column][vc_column width=&#8221;1\/3&#8243;][\/vc_column][\/vc_row][\/vc_section][vc_section full_width=&#8221;stretch_row&#8221; parallax=&#8221;content-moving&#8221; css=&#8221;.vc_custom_1750678097557{margin-top: 0px !important;margin-bottom: 0px !important;padding-top: 90px !important;padding-bottom: 190px !important;background-image: url(https:\/\/darwin-io.fr\/wp-content\/uploads\/2025\/06\/Solution2.png?id=8697) !important;}&#8221;][vc_row full_width=&#8221;stretch_row&#8221; css=&#8221;.vc_custom_1527759038466{margin-top: 0px !important;margin-bottom: 0px !important;padding-top: 0px !important;padding-bottom: 0px !important;}&#8221;][vc_column][vc_custom_heading text=&#8221;Une suite d&#8217;outils performants et faciles \u00e0 prendre en main&#8221; font_container=&#8221;tag:h6|font_size:15px|text_align:center|color:%23ffffff|line_height:26px&#8221; use_theme_fonts=&#8221;yes&#8221; css=&#8221;.vc_custom_1686650328644{margin-top: 0px !important;margin-bottom: 12px !important;padding-top: 0px !important;}&#8221; el_class=&#8221;font-weight-medium letter-spacing-1&#8243;][vc_custom_heading text=&#8221;Les composantes de la solution AVA&#8221; font_container=&#8221;tag:h3|font_size:40px|text_align:center|color:%23ffffff|line_height:50px&#8221; use_theme_fonts=&#8221;yes&#8221; css=&#8221;.vc_custom_1686650345476{margin-top: 0px !important;margin-bottom: 20px !important;}&#8221; el_class=&#8221;font-weight-bold&#8221;][\/vc_column][\/vc_row][\/vc_section][vc_row css=&#8221;.vc_custom_1687108541795{margin-top: -170px !important;margin-bottom: 0px !important;padding-top: 90px !important;padding-bottom: 70px !important;background-color: #ffffff !important;}&#8221; el_class=&#8221;visible-lg visible-md hidden-sm hidden-xs&#8221;][vc_column width=&#8221;1\/2&#8243; css=&#8221;.vc_custom_1687108336571{margin-top: 0px !important;margin-bottom: 0px !important;padding-top: 60px !important;padding-bottom: 0px !important;padding-left: 50px !important;background-color: #ffffff !important;}&#8221;][vc_single_image image=&#8221;8255&#8243; img_size=&#8221;full&#8221; css=&#8221;.vc_custom_1687105104970{margin-top: 0px !important;margin-bottom: 0px !important;padding-top: 0px !important;padding-right: 0px !important;padding-bottom: 0px !important;padding-left: 0px !important;}&#8221;][\/vc_column][vc_column width=&#8221;1\/2&#8243; css=&#8221;.vc_custom_1687108666228{margin-top: 0px !important;margin-bottom: 0px !important;padding-top: 60px !important;padding-right: 50px !important;padding-bottom: 0px !important;padding-left: 30px !important;background-color: #ffffff !important;}&#8221;][vc_custom_heading text=&#8221;Une plateforme WEB de supervision&#8221; font_container=&#8221;tag:h6|font_size:15px|text_align:left|line_height:26px&#8221; use_theme_fonts=&#8221;yes&#8221; css=&#8221;.vc_custom_1686648592477{margin-top: 0px !important;margin-bottom: 12px !important;padding-top: 0px !important;}&#8221; el_class=&#8221;font-weight-medium letter-spacing-1&#8243;][vc_custom_heading text=&#8221;Le back-office Web AVA&#8221; font_container=&#8221;tag:h3|font_size:40px|text_align:left|line_height:50px&#8221; use_theme_fonts=&#8221;yes&#8221; css=&#8221;.vc_custom_1686649273530{margin-top: 0px !important;margin-bottom: 20px !important;}&#8221; el_class=&#8221;font-weight-bold&#8221;][vc_custom_heading text=&#8221;Utilisable \u00e0 partir de n&#8217;importe quel navigateur internet, le back-office AVA est une v\u00e9ritable tour de contr\u00f4le de votre entreprise.<\/p>\n<p>Il vous permet de configurer et de visualiser l&#8217;ensemble de l&#8217;activit\u00e9 de vos \u00e9quipes ainsi que la performance de la gestion de vos parcs machines.&#8221; font_container=&#8221;tag:p|text_align:left&#8221; use_theme_fonts=&#8221;yes&#8221; css=&#8221;.vc_custom_1686649393764{margin-top: 0px !important;margin-bottom: 30px !important;}&#8221;][\/vc_column][\/vc_row][vc_row full_width=&#8221;stretch_row&#8221; css=&#8221;.vc_custom_1527830922650{margin-top: 0px !important;margin-bottom: 0px !important;padding-top: 90px !important;padding-bottom: 70px !important;background-color: #edeff5 !important;}&#8221;][vc_column width=&#8221;1\/2&#8243; css=&#8221;.vc_custom_1527830934075{margin-top: 0px !important;margin-bottom: 20px !important;padding-top: 0px !important;padding-bottom: 0px !important;}&#8221;][vc_custom_heading text=&#8221;L&#8217;outil de travail qui transforme vos appros en super h\u00e9ros !&#8221; font_container=&#8221;tag:h6|font_size:15px|text_align:left|line_height:26px&#8221; use_theme_fonts=&#8221;yes&#8221; css=&#8221;.vc_custom_1686649827528{margin-top: 0px !important;margin-bottom: 12px !important;padding-top: 0px !important;}&#8221; el_class=&#8221;font-weight-medium letter-spacing-1&#8243;][vc_custom_heading text=&#8221;L&#8217;application Android AVA Mobile&#8221; font_container=&#8221;tag:h3|font_size:40px|text_align:left|line_height:50px&#8221; use_theme_fonts=&#8221;yes&#8221; css=&#8221;.vc_custom_1686649621591{margin-top: 0px !important;margin-bottom: 20px !important;}&#8221; el_class=&#8221;font-weight-bold&#8221;][vc_custom_heading text=&#8221;Qu&#8217;ils soient approvisionneurs ou techniciens, AVA Mobile est l&#8217;outil de travail indispensable pour vos op\u00e9rateurs terrain.<\/p>\n<p>Synchronis\u00e9 en temps r\u00e9el avec le syst\u00e8me AVA, l&#8217;application mobile permet aux op\u00e9rateurs terrain d&#8217;avoir la visibilit\u00e9 sur la sant\u00e9 des points de vente qui leur ont \u00e9t\u00e9 confi\u00e9s et de recevoir des demandes d&#8217;intervention mais aussi de transmettre au syst\u00e8me l&#8217;ensemble des activit\u00e9s effectu\u00e9es.&#8221; font_container=&#8221;tag:p|text_align:left&#8221; use_theme_fonts=&#8221;yes&#8221; css=&#8221;.vc_custom_1728478087923{margin-top: 0px !important;margin-bottom: 30px !important;}&#8221;][\/vc_column][vc_column width=&#8221;1\/2&#8243;][vc_single_image image=&#8221;8357&#8243; img_size=&#8221;full&#8221; css=&#8221;.vc_custom_1687294731257{margin-top: 0px !important;margin-bottom: 0px !important;padding-top: 0px !important;padding-right: 0px !important;padding-bottom: 0px !important;padding-left: 0px !important;}&#8221;][\/vc_column][\/vc_row][vc_section][vc_row full_width=&#8221;stretch_row&#8221; css=&#8221;.vc_custom_1728478331099{margin-top: 0px !important;margin-bottom: 0px !important;padding-top: 90px !important;padding-bottom: 70px !important;background-color: #ffffff !important;}&#8221;][vc_column width=&#8221;1\/2&#8243; css=&#8221;.vc_custom_1527830934075{margin-top: 0px !important;margin-bottom: 20px !important;padding-top: 0px !important;padding-bottom: 0px !important;}&#8221;][vc_single_image image=&#8221;8411&#8243; img_size=&#8221;full&#8221; css=&#8221;.vc_custom_1728478586111{margin-top: 0px !important;margin-bottom: 0px !important;padding-top: 0px !important;padding-right: 0px !important;padding-bottom: 0px !important;padding-left: 0px !important;}&#8221;][\/vc_column][vc_column width=&#8221;1\/2&#8243; css=&#8221;.vc_custom_1527830950800{margin-top: 0px !important;margin-bottom: 20px !important;padding-top: 0px !important;padding-bottom: 0px !important;}&#8221;][vc_custom_heading text=&#8221;Lien avec votre compteuse&#8221; font_container=&#8221;tag:h6|font_size:15px|text_align:left|line_height:26px&#8221; use_theme_fonts=&#8221;yes&#8221; css=&#8221;.vc_custom_1728478783476{margin-top: 0px !important;margin-bottom: 12px !important;padding-top: 0px !important;}&#8221; el_class=&#8221;font-weight-medium letter-spacing-1&#8243;][vc_custom_heading text=&#8221;Application de comptage AVA&#8221; font_container=&#8221;tag:h3|font_size:40px|text_align:left|line_height:50px&#8221; use_theme_fonts=&#8221;yes&#8221; css=&#8221;.vc_custom_1728478762811{margin-top: 0px !important;margin-bottom: 20px !important;}&#8221; el_class=&#8221;font-weight-bold&#8221;][vc_custom_heading text=&#8221;L&#8217;application de comptage vous permet de compter et transmettre au back-office les informations des sacs de caisse qui ont \u00e9t\u00e9 compt\u00e9s en temps r\u00e9el.<\/p>\n<p>Vous pouvez ainsi connaitre l&#8217;\u00e9tat du comptage des sacs r\u00e9cup\u00e9r\u00e9s par vos \u00e9quipes sur le terrain et contr\u00f4ler les montants collect\u00e9s.&#8221; font_container=&#8221;tag:p|text_align:left&#8221; use_theme_fonts=&#8221;yes&#8221; css=&#8221;.vc_custom_1728478906278{margin-top: 0px !important;margin-bottom: 30px !important;}&#8221;][\/vc_column][\/vc_row][\/vc_section][vc_section][vc_row full_width=&#8221;stretch_row&#8221; css=&#8221;.vc_custom_1728478402030{margin-top: 0px !important;margin-bottom: 0px !important;padding-top: 90px !important;padding-bottom: 70px !important;background-color: #edeff5 !important;}&#8221;][vc_column width=&#8221;1\/2&#8243; css=&#8221;.vc_custom_1527830934075{margin-top: 0px !important;margin-bottom: 20px !important;padding-top: 0px !important;padding-bottom: 0px !important;}&#8221;][vc_custom_heading text=&#8221;Bien plus qu&#8217;un boitier d&#8217;audit&#8221; font_container=&#8221;tag:h6|font_size:15px|text_align:left|line_height:26px&#8221; use_theme_fonts=&#8221;yes&#8221; css=&#8221;.vc_custom_1686650446635{margin-top: 0px !important;margin-bottom: 12px !important;padding-top: 0px !important;}&#8221; el_class=&#8221;font-weight-medium letter-spacing-1&#8243;][vc_custom_heading text=&#8221;Hydra Box&#8221; font_container=&#8221;tag:h3|font_size:40px|text_align:left|line_height:50px&#8221; use_theme_fonts=&#8221;yes&#8221; css=&#8221;.vc_custom_1686650461068{margin-top: 0px !important;margin-bottom: 20px !important;}&#8221; el_class=&#8221;font-weight-bold&#8221;][vc_custom_heading text=&#8221;Hydra est l&#8217;\u00e9quipement qui vient compl\u00e9ter la panoplie de vos op\u00e9rateurs.<\/p>\n<p>Connect\u00e9 en Bluetooth \u00e0 l&#8217;application AVA Mobile, Hydra permet le relev\u00e9 d&#8217;audit EVA-DTS sur les syst\u00e8mes de paiement. (Irda \/ RJ45 \/ DB9 \/ DB15)<\/p>\n<p>Plus qu&#8217;un simple boitier d&#8217;audit, Hydra permet aussi d&#8217;appliquer, en toute simplicit\u00e9 et sans comp\u00e9tence technique, des demandes de modification de prix \u00e9mises par le back-office.&#8221; font_container=&#8221;tag:p|text_align:left&#8221; use_theme_fonts=&#8221;yes&#8221; css=&#8221;.vc_custom_1686651523687{margin-top: 0px !important;margin-bottom: 30px !important;}&#8221;][vc_empty_space][vc_btn title=&#8221;En savoir plus sur la modification de prix&#8221; color=&#8221;primary&#8221; align=&#8221;center&#8221; link=&#8221;url:https%3A%2F%2Fdarwin-io.fr%2Findex.php%2Fmodification-des-prix%2F|title:Modification%20des%20prix&#8221;][\/vc_column][vc_column width=&#8221;1\/2&#8243;][vc_single_image image=&#8221;8356&#8243; img_size=&#8221;full&#8221; css=&#8221;.vc_custom_1687293435103{margin-top: 0px !important;margin-bottom: 0px !important;padding-top: 0px !important;padding-right: 0px !important;padding-bottom: 0px !important;padding-left: 0px !important;}&#8221;][\/vc_column][\/vc_row][\/vc_section]<\/p>\n<\/section>","protected":false},"excerpt":{"rendered":"<p>[vc_section full_width=&#8221;stretch_row_content&#8221; css=&#8221;.vc_custom_1728546826406{margin-top: -170px !important;margin-bottom: 0px !important;border-top-width: -170px !important;padding-top: 30px !important;padding-bottom: 0px !important;}&#8221;][vc_row full_width=&#8221;stretch_row&#8221; content_placement=&#8221;middle&#8221;][vc_column width=&#8221;1\/3&#8243; css=&#8221;.vc_custom_1686647706309{padding-right: 40px !important;padding-left: 40px !important;}&#8221;][\/vc_column][vc_column width=&#8221;1\/3&#8243;][vc_single_image image=&#8221;8253&#8243; img_size=&#8221;full&#8221; alignment=&#8221;center&#8221; onclick=&#8221;link_image&#8221;][\/vc_column][vc_column width=&#8221;1\/3&#8243;][\/vc_column][\/vc_row][\/vc_section][vc_section full_width=&#8221;stretch_row&#8221; parallax=&#8221;content-moving&#8221; css=&#8221;.vc_custom_1750678097557{margin-top: 0px !important;margin-bottom: 0px !important;padding-top: 90px !important;padding-bottom: 190px !important;background-image: url(https:\/\/darwin-io.fr\/wp-content\/uploads\/2025\/06\/Solution2.png?id=8697) !important;}&#8221;][vc_row full_width=&#8221;stretch_row&#8221; css=&#8221;.vc_custom_1527759038466{margin-top: 0px !important;margin-bottom: 0px !important;padding-top: 0px !important;padding-bottom: 0px !important;}&#8221;][vc_column][vc_custom_heading text=&#8221;Une suite d&#8217;outils performants et [&hellip;]<\/p>\n","protected":false},"author":4,"featured_media":8696,"parent":0,"menu_order":0,"comment_status":"closed","ping_status":"closed","template":"","meta":{"_monsterinsights_skip_tracking":false,"_monsterinsights_sitenote_active":false,"_monsterinsights_sitenote_note":"","_monsterinsights_sitenote_category":0,"footnotes":""},"class_list":["post-8408","page","type-page","status-publish","has-post-thumbnail","hentry"],"featured_media_urls":{"thumbnail":["https:\/\/darwin-io.fr\/wp-content\/uploads\/2025\/06\/Solution-150x150.png",150,150,true],"medium":["https:\/\/darwin-io.fr\/wp-content\/uploads\/2025\/06\/Solution-300x57.png",300,57,true],"medium_large":["https:\/\/darwin-io.fr\/wp-content\/uploads\/2025\/06\/Solution-768x147.png",640,123,true],"large":["https:\/\/darwin-io.fr\/wp-content\/uploads\/2025\/06\/Solution-1024x196.png",640,123,true],"1536x1536":["https:\/\/darwin-io.fr\/wp-content\/uploads\/2025\/06\/Solution-1536x294.png",1536,294,true],"2048x2048":["https:\/\/darwin-io.fr\/wp-content\/uploads\/2025\/06\/Solution.png",1905,365,false],"woocommerce_thumbnail":["https:\/\/darwin-io.fr\/wp-content\/uploads\/2025\/06\/Solution-300x300.png",300,300,true],"woocommerce_single":["https:\/\/darwin-io.fr\/wp-content\/uploads\/2025\/06\/Solution-600x115.png",600,115,true],"woocommerce_gallery_thumbnail":["https:\/\/darwin-io.fr\/wp-content\/uploads\/2025\/06\/Solution-100x100.png",100,100,true],"portfolio_item-thumbnail":["https:\/\/darwin-io.fr\/wp-content\/uploads\/2025\/06\/Solution.png",600,115,false],"portfolio_item-thumbnail@2x":["https:\/\/darwin-io.fr\/wp-content\/uploads\/2025\/06\/Solution.png",1200,230,false],"portfolio_item-masonry":["https:\/\/darwin-io.fr\/wp-content\/uploads\/2025\/06\/Solution.png",600,115,false],"portfolio_item-masonry@2x":["https:\/\/darwin-io.fr\/wp-content\/uploads\/2025\/06\/Solution.png",1200,230,false],"portfolio_item-thumbnail_cinema":["https:\/\/darwin-io.fr\/wp-content\/uploads\/2025\/06\/Solution.png",800,153,false],"portfolio_item-thumbnail_portrait":["https:\/\/darwin-io.fr\/wp-content\/uploads\/2025\/06\/Solution.png",600,115,false],"portfolio_item-thumbnail_portrait@2x":["https:\/\/darwin-io.fr\/wp-content\/uploads\/2025\/06\/Solution.png",1200,230,false],"portfolio_item-thumbnail_square":["https:\/\/darwin-io.fr\/wp-content\/uploads\/2025\/06\/Solution.png",800,153,false]},"_links":{"self":[{"href":"https:\/\/darwin-io.fr\/index.php\/wp-json\/wp\/v2\/pages\/8408","targetHints":{"allow":["GET"]}}],"collection":[{"href":"https:\/\/darwin-io.fr\/index.php\/wp-json\/wp\/v2\/pages"}],"about":[{"href":"https:\/\/darwin-io.fr\/index.php\/wp-json\/wp\/v2\/types\/page"}],"author":[{"embeddable":true,"href":"https:\/\/darwin-io.fr\/index.php\/wp-json\/wp\/v2\/users\/4"}],"replies":[{"embeddable":true,"href":"https:\/\/darwin-io.fr\/index.php\/wp-json\/wp\/v2\/comments?post=8408"}],"version-history":[{"count":20,"href":"https:\/\/darwin-io.fr\/index.php\/wp-json\/wp\/v2\/pages\/8408\/revisions"}],"predecessor-version":[{"id":8698,"href":"https:\/\/darwin-io.fr\/index.php\/wp-json\/wp\/v2\/pages\/8408\/revisions\/8698"}],"wp:featuredmedia":[{"embeddable":true,"href":"https:\/\/darwin-io.fr\/index.php\/wp-json\/wp\/v2\/media\/8696"}],"wp:attachment":[{"href":"https:\/\/darwin-io.fr\/index.php\/wp-json\/wp\/v2\/media?parent=8408"}],"curies":[{"name":"wp","href":"https:\/\/api.w.org\/{rel}","templated":true}]}}