{"id":8391,"date":"2024-10-10T11:54:10","date_gmt":"2024-10-10T09:54:10","guid":{"rendered":"https:\/\/darwin-io.fr\/?page_id=8391"},"modified":"2024-10-10T13:29:59","modified_gmt":"2024-10-10T11:29:59","slug":"automatisation-audits","status":"publish","type":"page","link":"https:\/\/darwin-io.fr\/index.php\/automatisation-audits\/","title":{"rendered":"Audits \u00e0 distance"},"content":{"rendered":"<section class=\"wpb-content-wrapper\"><p>[vc_row full_width=&#8221;stretch_row&#8221; css=&#8221;.vc_custom_1537345585967{margin-top: 0px !important;margin-bottom: 0px !important;padding-top: 90px !important;padding-bottom: 90px !important;background-position: center !important;background-repeat: no-repeat !important;background-size: cover !important;}&#8221;][vc_column width=&#8221;2\/3&#8243; css=&#8221;.vc_custom_1687113350477{margin-top: 0px !important;margin-bottom: 0px !important;padding-top: 0px !important;padding-bottom: 0px !important;}&#8221;][vc_custom_heading text=&#8221;Automatisation des audits&#8221; font_container=&#8221;tag:h6|font_size:15px|text_align:left|line_height:26px&#8221; use_theme_fonts=&#8221;yes&#8221; css=&#8221;.vc_custom_1728553907147{margin-top: 0px !important;margin-bottom: 12px !important;padding-top: 0px !important;}&#8221; el_class=&#8221;font-weight-medium letter-spacing-1&#8243;][vc_custom_heading text=&#8221;Permettez \u00e0 vos approvisionneurs de ne plus faire d&#8217;audit&#8221; font_container=&#8221;tag:h3|font_size:40px|text_align:left|line_height:50px&#8221; use_theme_fonts=&#8221;yes&#8221; css=&#8221;.vc_custom_1728553917131{margin-top: 0px !important;margin-bottom: 20px !important;}&#8221; el_class=&#8221;font-weight-bold&#8221;][vc_custom_heading text=&#8221;Proposer \u00e0 vos \u00e9quipes des solutions pour auditer votre mat\u00e9riel \u00e0 distance et sans effort.&#8221; font_container=&#8221;tag:p|text_align:left&#8221; use_theme_fonts=&#8221;yes&#8221; css=&#8221;.vc_custom_1728553925805{margin-top: 0px !important;margin-bottom: 22px !important;}&#8221;][vc_row_inner][vc_column_inner width=&#8221;1\/3&#8243;]<div class=\"radiantthemes-iconbox element-one  rt1517566607\"  data-border-radius=\"circle\"><div class=\"radiantthemes-iconbox-holder   vc_custom_1728553941981\"><i class=\"icofont icofont-wifi-router\"><\/i> <\/div><\/div>[vc_custom_heading text=&#8221;Audits \u00e0 distance&#8221; font_container=&#8221;tag:h3|font_size:20px|text_align:center|line_height:30px&#8221; use_theme_fonts=&#8221;yes&#8221; el_class=&#8221;letter-spacing-0&#8243; css=&#8221;.vc_custom_1728553974293{margin-top: 23px !important;margin-right: 5px !important;margin-bottom: 13px !important;margin-left: 5px !important;}&#8221;][vc_custom_heading text=&#8221;Gr\u00e2ce \u00e0 la t\u00e9l\u00e9m\u00e9trie, plus besoin de se d\u00e9placer pour r\u00e9cup\u00e9rer les informations&#8221; font_container=&#8221;tag:p|text_align:center&#8221; use_theme_fonts=&#8221;yes&#8221; css=&#8221;.vc_custom_1728553997634{margin-right: 5px !important;margin-left: 5px !important;}&#8221;][\/vc_column_inner][vc_column_inner width=&#8221;1\/3&#8243;]<div class=\"radiantthemes-iconbox element-one  rt83428289\"  data-border-radius=\"circle\"><div class=\"radiantthemes-iconbox-holder   vc_custom_1728553950739\"><i class=\"icofont icofont-time\"><\/i> <\/div><\/div>[vc_custom_heading text=&#8221;Gain de temps&#8221; font_container=&#8221;tag:h3|font_size:20px|text_align:center|line_height:30px&#8221; use_theme_fonts=&#8221;yes&#8221; el_class=&#8221;letter-spacing-0&#8243; css=&#8221;.vc_custom_1728554008939{margin-top: 23px !important;margin-right: 5px !important;margin-bottom: 13px !important;margin-left: 5px !important;}&#8221;][vc_custom_heading text=&#8221;L&#8217;approvisionneur peut se concentrer sur le r\u00e9assort de produits&#8221; font_container=&#8221;tag:p|text_align:center&#8221; use_theme_fonts=&#8221;yes&#8221; css=&#8221;.vc_custom_1728554029497{margin-right: 5px !important;margin-left: 5px !important;}&#8221;][\/vc_column_inner][vc_column_inner width=&#8221;1\/3&#8243;]<div class=\"radiantthemes-iconbox element-one  rt2073795757\"  data-border-radius=\"circle\"><div class=\"radiantthemes-iconbox-holder   vc_custom_1728553957515\"><i class=\"icofont icofont-gears\"><\/i> <\/div><\/div>[vc_custom_heading text=&#8221;Plus d&#8217;erreurs&#8221; font_container=&#8221;tag:h3|font_size:20px|text_align:center|line_height:30px&#8221; use_theme_fonts=&#8221;yes&#8221; el_class=&#8221;letter-spacing-0&#8243; css=&#8221;.vc_custom_1728554044210{margin-top: 23px !important;margin-right: 5px !important;margin-bottom: 13px !important;margin-left: 5px !important;}&#8221;][vc_custom_heading text=&#8221;Les approvisionneurs ne pourront plus se tromper dans les appareils qu&#8217;ils doivent auditer lors d&#8217;une visite&#8221; font_container=&#8221;tag:p|text_align:center&#8221; use_theme_fonts=&#8221;yes&#8221;][\/vc_column_inner][\/vc_row_inner][\/vc_column][vc_column width=&#8221;1\/3&#8243; css=&#8221;.vc_custom_1687113343623{margin-top: 0px !important;margin-bottom: 0px !important;padding-top: 0px !important;padding-bottom: 0px !important;}&#8221;]<!-- radiantthemes-custom-menu --><div class=\"radiantthemes-custom-menu element-one rt1359086149 \"    ><ul id=\"menu-fonctionnalites-menu\" class=\"menu rt-mega-menu-transition-default\"><li id=\"menu-item-8455\" class=\"menu-item menu-item-type-post_type menu-item-object-page menu-flyout rt-mega-menu-hover item-8455\"><a  href=\"https:\/\/darwin-io.fr\/index.php\/support-client\/\">Support client<\/a><\/li>\n<li id=\"menu-item-8499\" class=\"menu-item menu-item-type-post_type menu-item-object-page menu-flyout rt-mega-menu-hover item-8499\"><a  href=\"https:\/\/darwin-io.fr\/index.php\/planning-dynamique\/\">Planning Dynamique<\/a><\/li>\n<li id=\"menu-item-8498\" class=\"menu-item menu-item-type-post_type menu-item-object-page menu-flyout rt-mega-menu-hover item-8498\"><a  href=\"https:\/\/darwin-io.fr\/index.php\/modification-des-prix\/\">Modification des prix<\/a><\/li>\n<li id=\"menu-item-6726\" class=\"menu-item menu-item-type-post_type menu-item-object-page menu-flyout rt-mega-menu-hover item-6726\"><a  href=\"https:\/\/darwin-io.fr\/index.php\/gestion-conges\/\">Gestion des cong\u00e9s<\/a><\/li>\n<li id=\"menu-item-6722\" class=\"menu-item menu-item-type-post_type menu-item-object-page menu-flyout rt-mega-menu-hover item-6722\"><a  href=\"https:\/\/darwin-io.fr\/index.php\/reappro-da\/\">Bons de r\u00e9appro DA<\/a><\/li>\n<li id=\"menu-item-8497\" class=\"menu-item menu-item-type-post_type menu-item-object-page menu-flyout rt-mega-menu-hover item-8497\"><a  href=\"https:\/\/darwin-io.fr\/index.php\/automatisation-audits\/\">Audits \u00e0 distance<\/a><\/li>\n<li id=\"menu-item-8708\" class=\"menu-item menu-item-type-post_type menu-item-object-page menu-flyout rt-mega-menu-hover item-8708\"><a  href=\"https:\/\/darwin-io.fr\/index.php\/livraison-client\/\">Livraison client<\/a><\/li>\n<li id=\"menu-item-8707\" class=\"menu-item menu-item-type-post_type menu-item-object-page menu-flyout rt-mega-menu-hover item-8707\"><a  href=\"https:\/\/darwin-io.fr\/index.php\/controle-des-visites\/\">Contr\u00f4le des visites<\/a><\/li>\n<li id=\"menu-item-8496\" class=\"menu-item menu-item-type-post_type menu-item-object-page menu-flyout rt-mega-menu-hover item-8496\"><a  href=\"https:\/\/darwin-io.fr\/index.php\/comptage-et-ecarts\/\">Comptage et calcul des \u00e9carts<\/a><\/li>\n<li id=\"menu-item-8709\" class=\"menu-item menu-item-type-post_type menu-item-object-page menu-flyout rt-mega-menu-hover item-8709\"><a  href=\"https:\/\/darwin-io.fr\/index.php\/donnees-facturables\/\">Facturation des donn\u00e9es<\/a><\/li>\n<\/ul><\/div>\r<!-- radiantthemes-custom-menu -->\r[\/vc_column][\/vc_row]<\/p>\n<\/section>","protected":false},"excerpt":{"rendered":"<p>[vc_row full_width=&#8221;stretch_row&#8221; css=&#8221;.vc_custom_1537345585967{margin-top: 0px !important;margin-bottom: 0px !important;padding-top: 90px !important;padding-bottom: 90px !important;background-position: center !important;background-repeat: no-repeat !important;background-size: cover !important;}&#8221;][vc_column width=&#8221;2\/3&#8243; css=&#8221;.vc_custom_1687113350477{margin-top: 0px !important;margin-bottom: 0px !important;padding-top: 0px !important;padding-bottom: 0px !important;}&#8221;][vc_custom_heading text=&#8221;Automatisation des audits&#8221; font_container=&#8221;tag:h6|font_size:15px|text_align:left|line_height:26px&#8221; use_theme_fonts=&#8221;yes&#8221; css=&#8221;.vc_custom_1728553907147{margin-top: 0px !important;margin-bottom: 12px !important;padding-top: 0px !important;}&#8221; el_class=&#8221;font-weight-medium letter-spacing-1&#8243;][vc_custom_heading text=&#8221;Permettez \u00e0 vos approvisionneurs de ne plus faire d&#8217;audit&#8221; font_container=&#8221;tag:h3|font_size:40px|text_align:left|line_height:50px&#8221; use_theme_fonts=&#8221;yes&#8221; css=&#8221;.vc_custom_1728553917131{margin-top: 0px !important;margin-bottom: [&hellip;]<\/p>\n","protected":false},"author":4,"featured_media":8472,"parent":0,"menu_order":0,"comment_status":"closed","ping_status":"closed","template":"","meta":{"_monsterinsights_skip_tracking":false,"_monsterinsights_sitenote_active":false,"_monsterinsights_sitenote_note":"","_monsterinsights_sitenote_category":0,"footnotes":""},"class_list":["post-8391","page","type-page","status-publish","has-post-thumbnail","hentry"],"featured_media_urls":{"thumbnail":["https:\/\/darwin-io.fr\/wp-content\/uploads\/2024\/10\/audits-distance-150x150.png",150,150,true],"medium":["https:\/\/darwin-io.fr\/wp-content\/uploads\/2024\/10\/audits-distance-300x200.png",300,200,true],"medium_large":["https:\/\/darwin-io.fr\/wp-content\/uploads\/2024\/10\/audits-distance-768x512.png",640,427,true],"large":["https:\/\/darwin-io.fr\/wp-content\/uploads\/2024\/10\/audits-distance-1024x683.png",640,427,true],"1536x1536":["https:\/\/darwin-io.fr\/wp-content\/uploads\/2024\/10\/audits-distance-1536x1024.png",1536,1024,true],"2048x2048":["https:\/\/darwin-io.fr\/wp-content\/uploads\/2024\/10\/audits-distance-2048x1365.png",2048,1365,true],"woocommerce_thumbnail":["https:\/\/darwin-io.fr\/wp-content\/uploads\/2024\/10\/audits-distance-300x300.png",300,300,true],"woocommerce_single":["https:\/\/darwin-io.fr\/wp-content\/uploads\/2024\/10\/audits-distance-600x400.png",600,400,true],"woocommerce_gallery_thumbnail":["https:\/\/darwin-io.fr\/wp-content\/uploads\/2024\/10\/audits-distance-100x100.png",100,100,true],"portfolio_item-thumbnail":["https:\/\/darwin-io.fr\/wp-content\/uploads\/2024\/10\/audits-distance-600x400.png",600,400,true],"portfolio_item-thumbnail@2x":["https:\/\/darwin-io.fr\/wp-content\/uploads\/2024\/10\/audits-distance-1200x800.png",1200,800,true],"portfolio_item-masonry":["https:\/\/darwin-io.fr\/wp-content\/uploads\/2024\/10\/audits-distance-600x400.png",600,400,true],"portfolio_item-masonry@2x":["https:\/\/darwin-io.fr\/wp-content\/uploads\/2024\/10\/audits-distance-1200x800.png",1200,800,true],"portfolio_item-thumbnail_cinema":["https:\/\/darwin-io.fr\/wp-content\/uploads\/2024\/10\/audits-distance-800x335.png",800,335,true],"portfolio_item-thumbnail_portrait":["https:\/\/darwin-io.fr\/wp-content\/uploads\/2024\/10\/audits-distance-600x900.png",600,900,true],"portfolio_item-thumbnail_portrait@2x":["https:\/\/darwin-io.fr\/wp-content\/uploads\/2024\/10\/audits-distance.png",1200,800,false],"portfolio_item-thumbnail_square":["https:\/\/darwin-io.fr\/wp-content\/uploads\/2024\/10\/audits-distance.png",800,533,false]},"_links":{"self":[{"href":"https:\/\/darwin-io.fr\/index.php\/wp-json\/wp\/v2\/pages\/8391","targetHints":{"allow":["GET"]}}],"collection":[{"href":"https:\/\/darwin-io.fr\/index.php\/wp-json\/wp\/v2\/pages"}],"about":[{"href":"https:\/\/darwin-io.fr\/index.php\/wp-json\/wp\/v2\/types\/page"}],"author":[{"embeddable":true,"href":"https:\/\/darwin-io.fr\/index.php\/wp-json\/wp\/v2\/users\/4"}],"replies":[{"embeddable":true,"href":"https:\/\/darwin-io.fr\/index.php\/wp-json\/wp\/v2\/comments?post=8391"}],"version-history":[{"count":6,"href":"https:\/\/darwin-io.fr\/index.php\/wp-json\/wp\/v2\/pages\/8391\/revisions"}],"predecessor-version":[{"id":8473,"href":"https:\/\/darwin-io.fr\/index.php\/wp-json\/wp\/v2\/pages\/8391\/revisions\/8473"}],"wp:featuredmedia":[{"embeddable":true,"href":"https:\/\/darwin-io.fr\/index.php\/wp-json\/wp\/v2\/media\/8472"}],"wp:attachment":[{"href":"https:\/\/darwin-io.fr\/index.php\/wp-json\/wp\/v2\/media?parent=8391"}],"curies":[{"name":"wp","href":"https:\/\/api.w.org\/{rel}","templated":true}]}}