{"id":8367,"date":"2024-02-12T11:16:39","date_gmt":"2024-02-12T10:16:39","guid":{"rendered":"https:\/\/darwin-io.fr\/?page_id=8367"},"modified":"2024-02-12T11:49:58","modified_gmt":"2024-02-12T10:49:58","slug":"developpeur-fullstack-java-react","status":"publish","type":"page","link":"https:\/\/darwin-io.fr\/index.php\/developpeur-fullstack-java-react\/","title":{"rendered":"D\u00e9veloppeur Fullstack JAVA\/React"},"content":{"rendered":"<section class=\"wpb-content-wrapper\"><p>[vc_section full_width=&#8221;stretch_row&#8221; css=&#8221;.vc_custom_1527767850756{margin-top: 0px !important;margin-bottom: 0px !important;padding-top: 90px !important;padding-bottom: 75px !important;}&#8221;][vc_row gap=&#8221;30&#8243;][vc_column width=&#8221;2\/3&#8243; css=&#8221;.vc_custom_1527765435779{margin-top: 0px !important;margin-bottom: 0px !important;}&#8221;][vc_column_text]<strong>Darwin IO, la soci\u00e9t\u00e9<\/strong><\/p>\n<p>Darwin IO est une soci\u00e9t\u00e9 innovante incub\u00e9e au Business Innovation Center de Montpellier. Darwin IO d\u00e9veloppe et commercialise une solution de gestion de parcs de distributeurs automatiques. La solution est compos\u00e9e de diff\u00e9rents outils \u00e0 la fois mat\u00e9riel et logiciel.<\/p>\n<p>Dans le cadre d\u2019un accroissement d\u2019activit\u00e9, l\u2019\u00e9quipe logicielle a besoin de renfort pour aider \u00e0 la conception des nouveaux produits et des nouvelles fonctionnalit\u00e9s.<\/p>\n<p>&nbsp;<\/p>\n<p><strong>Profil recherch\u00e9<\/strong><\/p>\n<p>Le poste exige d\u2019\u00eatre un d\u00e9veloppeur fullstack React + JAVA\/Spring Boot. Si tu as des comp\u00e9tences React Native et AWS c\u2019est encore mieux mais pas obligatoire.<\/p>\n<p><strong>R\u00f4le du poste<\/strong><\/p>\n<p>L\u2019\u00e9quipe de d\u00e9veloppement est une petite \u00e9quipe mais elle est constitu\u00e9e de d\u00e9veloppeurs confirm\u00e9s. Chaque membre de l\u2019\u00e9quipe dispose d\u2019une forte autonomie et selon l\u2019expertise de chacun, il est possible de contribuer sur tous les aspects techniques de la solution. Ton r\u00f4le principal sera de prendre en charge un nouveau projet et aussi de contribuer \u00e0 la r\u00e9alisation de nouveaux modules sur la solution existante.<\/p>\n<p>&nbsp;<\/p>\n<p><strong>Localisation et mode de travail<\/strong><\/p>\n<p>Le poste est \u00e0 pourvoir \u00e0 temps plein ou temps partiel sur Belfort ou Montpellier.<\/p>\n<p>Le t\u00e9l\u00e9-travail est possible en temps partiel ou temps plein.<\/p>\n<p>&nbsp;<\/p>\n<p><strong>R\u00e9mun\u00e9ration<\/strong><\/p>\n<p>Selon profil.<\/p>\n<p>&nbsp;<\/p>\n<p><strong>Pr\u00e9sentation de l\u2019\u00e9quipe de d\u00e9veloppement<\/strong><\/p>\n<p>L\u2019\u00e9quipe de d\u00e9v attache une grande importance \u00e0 la technique. Elle aime faire de la veille technologique dans le but d\u2019apprendre et d\u2019identifier de nouvelles solutions qui pourraient am\u00e9liorer l\u2019existant. Si suite \u00e0 une veille technologique un membre de l\u2019\u00e9quipe d\u00e9montre une plus value \u00e0 int\u00e9grer une nouvelle API alors cela sera pris en compte et son int\u00e9gration sera planifi\u00e9e dans la roadmap.<\/p>\n<p>La qualit\u00e9 et la maintenabilit\u00e9 du code est aussi une priorit\u00e9 pour l\u2019\u00e9quipe de d\u00e9veloppement. Si une alerte est \u00e9mise par d\u00e9veloppeur avec justification alors une p\u00e9riode de refactoring sera int\u00e9gr\u00e9e pour combler le besoin et \u00e9viter d\u2019accumuler de la dette technique.<\/p>\n<p>Afin d\u2019am\u00e9liorer sa productivit\u00e9 l\u2019\u00e9quipe de d\u00e9veloppement con\u00e7oit des outils de g\u00e9n\u00e9ration de code pour aider \u00e0 produire du code r\u00e9p\u00e9titif. Ainsi les d\u00e9veloppeurs ont plus de temps \u00e0 consacrer \u00e0 des t\u00e2ches motivantes.<\/p>\n<p>Les applicatifs sont toujours mis \u00e0 jour avec les derni\u00e8res versions des API. Ceci permet de lutter contre l\u2019obsolescence de l\u2019applicatif et de b\u00e9n\u00e9ficier et des outils derni\u00e8re g\u00e9n\u00e9ration.<\/p>\n<p>&nbsp;<\/p>\n<p><strong>Que recherches-tu?<\/strong><\/p>\n<p>Tu as plusieurs ann\u00e9es d\u2019exp\u00e9rience sur React et typescript.<\/p>\n<p>Tu as plusieurs ann\u00e9es d\u2019exp\u00e9rience en JAVA et Spring Boot.<\/p>\n<p>Tu aimes faire de la veille technologique et utiliser les derni\u00e8res API.<\/p>\n<p>Tu aimes faire du code de qualit\u00e9.<\/p>\n<p>Tu aimes avoir de l\u2019autonomie au travail.<\/p>\n<p>Tu aimes avoir un pouvoir d\u00e9cisionnel sur les orientations techniques.<\/p>\n<p>Tu aimes avoir des d\u00e9fis techniques \u00e0 r\u00e9soudre.<\/p>\n<p>Tu lis vraiment les documentations techniques et tu ne te contentes pas seulement des tutoriels en ligne.<\/p>\n<p>Tu sais apprendre par toi-m\u00eame.<\/p>\n<p>Tu sais g\u00e9rer ton emploi du temps et les priorit\u00e9s.<\/p>\n<p>Tu as l\u2019habitude de travailler en \u00e9quipe et en t\u00e9l\u00e9travail.<\/p>\n<p>Tu sais communiquer.<\/p>\n<p>Alors n\u2019h\u00e9site pas \u00e0 nous rejoindre. Nous t\u2019attendons avec impatience!<\/p>\n<p>&nbsp;<\/p>\n<p><strong>Type d&#8217;emploi<\/strong> : Temps plein, Temps partiel, CDI<\/p>\n<p><strong>Statut<\/strong> : Cadre[\/vc_column_text]<div class=\"rt-animated-link element-one    rt1890164094\" ><div class=\"holder\"><a class=\"main-link\" href=\"https:\/\/darwin-io.fr\/index.php\/contact-page-three\/\" target=\"\" rel=\"\">Postuler<\/a><\/div><\/div>[\/vc_column][vc_column width=&#8221;1\/3&#8243; css=&#8221;.vc_custom_1527833830015{margin-top: 0px !important;margin-bottom: 0px !important;padding-top: 0px !important;padding-bottom: 0px !important;}&#8221;]<!-- radiantthemes-custom-menu --><div class=\"radiantthemes-custom-menu element-one rt1017608746 \"    ><ul id=\"menu-offres-emplois-menu\" class=\"menu rt-mega-menu-transition-default\"><li id=\"menu-item-8370\" class=\"menu-item menu-item-type-post_type menu-item-object-page menu-flyout rt-mega-menu-hover item-8370\"><a  href=\"https:\/\/darwin-io.fr\/index.php\/developpeur-fullstack-java-react\/\">D\u00e9veloppeur Fullstack JAVA\/React<\/a><\/li>\n<li id=\"menu-item-8480\" class=\"menu-item menu-item-type-post_type menu-item-object-page menu-flyout rt-mega-menu-hover item-8480\"><a  href=\"https:\/\/darwin-io.fr\/index.php\/candidature-spontanee\/\">Candidature spontan\u00e9e<\/a><\/li>\n<\/ul><\/div>\r<!-- radiantthemes-custom-menu -->\r[\/vc_column][\/vc_row][\/vc_section]<\/p>\n<\/section>","protected":false},"excerpt":{"rendered":"<p>[vc_section full_width=&#8221;stretch_row&#8221; css=&#8221;.vc_custom_1527767850756{margin-top: 0px !important;margin-bottom: 0px !important;padding-top: 90px !important;padding-bottom: 75px !important;}&#8221;][vc_row gap=&#8221;30&#8243;][vc_column width=&#8221;2\/3&#8243; css=&#8221;.vc_custom_1527765435779{margin-top: 0px !important;margin-bottom: 0px !important;}&#8221;][vc_column_text]Darwin IO, la soci\u00e9t\u00e9 Darwin IO est une soci\u00e9t\u00e9 innovante incub\u00e9e au Business Innovation Center de Montpellier. Darwin IO d\u00e9veloppe et commercialise une solution de gestion de parcs de distributeurs automatiques. La solution est compos\u00e9e de diff\u00e9rents outils [&hellip;]<\/p>\n","protected":false},"author":1,"featured_media":3808,"parent":0,"menu_order":0,"comment_status":"closed","ping_status":"closed","template":"","meta":{"_monsterinsights_skip_tracking":false,"_monsterinsights_sitenote_active":false,"_monsterinsights_sitenote_note":"","_monsterinsights_sitenote_category":0,"footnotes":""},"class_list":["post-8367","page","type-page","status-publish","has-post-thumbnail","hentry"],"featured_media_urls":{"thumbnail":["https:\/\/darwin-io.fr\/wp-content\/uploads\/2018\/04\/background-image02.jpg",150,74,false],"medium":["https:\/\/darwin-io.fr\/wp-content\/uploads\/2018\/04\/background-image02.jpg",300,148,false],"medium_large":["https:\/\/darwin-io.fr\/wp-content\/uploads\/2018\/04\/background-image02.jpg",640,317,false],"large":["https:\/\/darwin-io.fr\/wp-content\/uploads\/2018\/04\/background-image02.jpg",640,317,false],"1536x1536":["https:\/\/darwin-io.fr\/wp-content\/uploads\/2018\/04\/background-image02.jpg",1536,760,false],"2048x2048":["https:\/\/darwin-io.fr\/wp-content\/uploads\/2018\/04\/background-image02.jpg",1920,950,false],"woocommerce_thumbnail":["https:\/\/darwin-io.fr\/wp-content\/uploads\/2018\/04\/background-image02-300x300.jpg",300,300,true],"woocommerce_single":["https:\/\/darwin-io.fr\/wp-content\/uploads\/2018\/04\/background-image02-600x297.jpg",600,297,true],"woocommerce_gallery_thumbnail":["https:\/\/darwin-io.fr\/wp-content\/uploads\/2018\/04\/background-image02-100x100.jpg",100,100,true],"portfolio_item-thumbnail":["https:\/\/darwin-io.fr\/wp-content\/uploads\/2018\/04\/background-image02.jpg",600,297,false],"portfolio_item-thumbnail@2x":["https:\/\/darwin-io.fr\/wp-content\/uploads\/2018\/04\/background-image02.jpg",1200,594,false],"portfolio_item-masonry":["https:\/\/darwin-io.fr\/wp-content\/uploads\/2018\/04\/background-image02.jpg",600,297,false],"portfolio_item-masonry@2x":["https:\/\/darwin-io.fr\/wp-content\/uploads\/2018\/04\/background-image02.jpg",1200,594,false],"portfolio_item-thumbnail_cinema":["https:\/\/darwin-io.fr\/wp-content\/uploads\/2018\/04\/background-image02.jpg",677,335,false],"portfolio_item-thumbnail_portrait":["https:\/\/darwin-io.fr\/wp-content\/uploads\/2018\/04\/background-image02.jpg",600,297,false],"portfolio_item-thumbnail_portrait@2x":["https:\/\/darwin-io.fr\/wp-content\/uploads\/2018\/04\/background-image02.jpg",1200,594,false],"portfolio_item-thumbnail_square":["https:\/\/darwin-io.fr\/wp-content\/uploads\/2018\/04\/background-image02.jpg",800,396,false]},"_links":{"self":[{"href":"https:\/\/darwin-io.fr\/index.php\/wp-json\/wp\/v2\/pages\/8367","targetHints":{"allow":["GET"]}}],"collection":[{"href":"https:\/\/darwin-io.fr\/index.php\/wp-json\/wp\/v2\/pages"}],"about":[{"href":"https:\/\/darwin-io.fr\/index.php\/wp-json\/wp\/v2\/types\/page"}],"author":[{"embeddable":true,"href":"https:\/\/darwin-io.fr\/index.php\/wp-json\/wp\/v2\/users\/1"}],"replies":[{"embeddable":true,"href":"https:\/\/darwin-io.fr\/index.php\/wp-json\/wp\/v2\/comments?post=8367"}],"version-history":[{"count":6,"href":"https:\/\/darwin-io.fr\/index.php\/wp-json\/wp\/v2\/pages\/8367\/revisions"}],"predecessor-version":[{"id":8376,"href":"https:\/\/darwin-io.fr\/index.php\/wp-json\/wp\/v2\/pages\/8367\/revisions\/8376"}],"wp:featuredmedia":[{"embeddable":true,"href":"https:\/\/darwin-io.fr\/index.php\/wp-json\/wp\/v2\/media\/3808"}],"wp:attachment":[{"href":"https:\/\/darwin-io.fr\/index.php\/wp-json\/wp\/v2\/media?parent=8367"}],"curies":[{"name":"wp","href":"https:\/\/api.w.org\/{rel}","templated":true}]}}