{"id":6418,"date":"2018-05-31T06:49:44","date_gmt":"2018-05-31T04:49:44","guid":{"rendered":"http:\/\/darwin-io.fr\/?page_id=6418"},"modified":"2025-06-23T13:24:05","modified_gmt":"2025-06-23T11:24:05","slug":"gestion-conges","status":"publish","type":"page","link":"https:\/\/darwin-io.fr\/index.php\/gestion-conges\/","title":{"rendered":"Gestion des cong\u00e9s"},"content":{"rendered":"<section class=\"wpb-content-wrapper\"><p>[vc_row full_width=&#8221;stretch_row&#8221; css=&#8221;.vc_custom_1537345585967{margin-top: 0px !important;margin-bottom: 0px !important;padding-top: 90px !important;padding-bottom: 90px !important;background-position: center !important;background-repeat: no-repeat !important;background-size: cover !important;}&#8221;][vc_column width=&#8221;2\/3&#8243; css=&#8221;.vc_custom_1687113350477{margin-top: 0px !important;margin-bottom: 0px !important;padding-top: 0px !important;padding-bottom: 0px !important;}&#8221;][vc_custom_heading text=&#8221;Gestion des absences simplifi\u00e9e&#8221; font_container=&#8221;tag:h6|font_size:15px|text_align:left|line_height:26px&#8221; use_theme_fonts=&#8221;yes&#8221; css=&#8221;.vc_custom_1728553190503{margin-top: 0px !important;margin-bottom: 12px !important;padding-top: 0px !important;}&#8221; el_class=&#8221;font-weight-medium letter-spacing-1&#8243;][vc_custom_heading text=&#8221;Prise en compte des absences pour l&#8217;affectation des demandes et des tourn\u00e9es&#8221; font_container=&#8221;tag:h3|font_size:40px|text_align:left|line_height:50px&#8221; use_theme_fonts=&#8221;yes&#8221; css=&#8221;.vc_custom_1750242313212{margin-top: 0px !important;margin-bottom: 20px !important;}&#8221; el_class=&#8221;font-weight-bold&#8221;][vc_custom_heading text=&#8221;Lorsqu&#8217;un op\u00e9rateur s&#8217;absente, que ce soit anticip\u00e9 ou pas, les demandes d&#8217;interventions sont r\u00e9affect\u00e9es et les tourn\u00e9es d&#8217;approvisionnements r\u00e9organis\u00e9es.&#8221; font_container=&#8221;tag:p|text_align:left&#8221; use_theme_fonts=&#8221;yes&#8221; css=&#8221;.vc_custom_1728553211103{margin-top: 0px !important;margin-bottom: 22px !important;}&#8221;][vc_row_inner][vc_column_inner width=&#8221;1\/2&#8243;]<div class=\"radiantthemes-iconbox element-one  rt142849054\"  data-border-radius=\"circle\"><div class=\"radiantthemes-iconbox-holder   vc_custom_1728553220031\"><i class=\"icofont icofont-send-mail\"><\/i> <\/div><\/div>[vc_custom_heading text=&#8221;Satisfaction client&#8221; font_container=&#8221;tag:h3|font_size:20px|text_align:center|line_height:30px&#8221; use_theme_fonts=&#8221;yes&#8221; el_class=&#8221;letter-spacing-0&#8243; css=&#8221;.vc_custom_1728553246406{margin-top: 23px !important;margin-right: 5px !important;margin-bottom: 13px !important;margin-left: 5px !important;}&#8221;][vc_custom_heading text=&#8221;Les demandes d&#8217;intervention ne seront pas oubli\u00e9es&#8221; font_container=&#8221;tag:p|text_align:center&#8221; use_theme_fonts=&#8221;yes&#8221; css=&#8221;.vc_custom_1728553261221{margin-right: 5px !important;margin-left: 5px !important;}&#8221;][\/vc_column_inner][vc_column_inner width=&#8221;1\/2&#8243;]<div class=\"radiantthemes-iconbox element-one  rt180760622\"  data-border-radius=\"circle\"><div class=\"radiantthemes-iconbox-holder   vc_custom_1728553230422\"><i class=\"icofont icofont-sun-rise\"><\/i> <\/div><\/div>[vc_custom_heading text=&#8221;R\u00e9duction du stress&#8221; font_container=&#8221;tag:h3|font_size:20px|text_align:center|line_height:30px&#8221; use_theme_fonts=&#8221;yes&#8221; el_class=&#8221;letter-spacing-0&#8243; css=&#8221;.vc_custom_1728553278926{margin-top: 23px !important;margin-right: 5px !important;margin-bottom: 13px !important;margin-left: 5px !important;}&#8221;][vc_custom_heading text=&#8221;La gestion des absences n&#8217;est plus une source d&#8217;inqui\u00e9tude&#8221; font_container=&#8221;tag:p|text_align:center&#8221; use_theme_fonts=&#8221;yes&#8221; css=&#8221;.vc_custom_1728553294573{margin-right: 5px !important;margin-left: 5px !important;}&#8221;][\/vc_column_inner][\/vc_row_inner][\/vc_column][vc_column width=&#8221;1\/3&#8243; css=&#8221;.vc_custom_1687113343623{margin-top: 0px !important;margin-bottom: 0px !important;padding-top: 0px !important;padding-bottom: 0px !important;}&#8221;]<!-- radiantthemes-custom-menu --><div class=\"radiantthemes-custom-menu element-one rt1733548988 \"    ><ul id=\"menu-fonctionnalites-menu\" class=\"menu rt-mega-menu-transition-default\"><li id=\"menu-item-8455\" class=\"menu-item menu-item-type-post_type menu-item-object-page menu-flyout rt-mega-menu-hover item-8455\"><a  href=\"https:\/\/darwin-io.fr\/index.php\/support-client\/\">Support client<\/a><\/li>\n<li id=\"menu-item-8499\" class=\"menu-item menu-item-type-post_type menu-item-object-page menu-flyout rt-mega-menu-hover item-8499\"><a  href=\"https:\/\/darwin-io.fr\/index.php\/planning-dynamique\/\">Planning Dynamique<\/a><\/li>\n<li id=\"menu-item-8498\" class=\"menu-item menu-item-type-post_type menu-item-object-page menu-flyout rt-mega-menu-hover item-8498\"><a  href=\"https:\/\/darwin-io.fr\/index.php\/modification-des-prix\/\">Modification des prix<\/a><\/li>\n<li id=\"menu-item-6726\" class=\"menu-item menu-item-type-post_type menu-item-object-page menu-flyout rt-mega-menu-hover item-6726\"><a  href=\"https:\/\/darwin-io.fr\/index.php\/gestion-conges\/\">Gestion des cong\u00e9s<\/a><\/li>\n<li id=\"menu-item-6722\" class=\"menu-item menu-item-type-post_type menu-item-object-page menu-flyout rt-mega-menu-hover item-6722\"><a  href=\"https:\/\/darwin-io.fr\/index.php\/reappro-da\/\">Bons de r\u00e9appro DA<\/a><\/li>\n<li id=\"menu-item-8497\" class=\"menu-item menu-item-type-post_type menu-item-object-page menu-flyout rt-mega-menu-hover item-8497\"><a  href=\"https:\/\/darwin-io.fr\/index.php\/automatisation-audits\/\">Audits \u00e0 distance<\/a><\/li>\n<li id=\"menu-item-8708\" class=\"menu-item menu-item-type-post_type menu-item-object-page menu-flyout rt-mega-menu-hover item-8708\"><a  href=\"https:\/\/darwin-io.fr\/index.php\/livraison-client\/\">Livraison client<\/a><\/li>\n<li id=\"menu-item-8707\" class=\"menu-item menu-item-type-post_type menu-item-object-page menu-flyout rt-mega-menu-hover item-8707\"><a  href=\"https:\/\/darwin-io.fr\/index.php\/controle-des-visites\/\">Contr\u00f4le des visites<\/a><\/li>\n<li id=\"menu-item-8496\" class=\"menu-item menu-item-type-post_type menu-item-object-page menu-flyout rt-mega-menu-hover item-8496\"><a  href=\"https:\/\/darwin-io.fr\/index.php\/comptage-et-ecarts\/\">Comptage et calcul des \u00e9carts<\/a><\/li>\n<li id=\"menu-item-8709\" class=\"menu-item menu-item-type-post_type menu-item-object-page menu-flyout rt-mega-menu-hover item-8709\"><a  href=\"https:\/\/darwin-io.fr\/index.php\/donnees-facturables\/\">Facturation des donn\u00e9es<\/a><\/li>\n<\/ul><\/div>\r<!-- radiantthemes-custom-menu -->\r[\/vc_column][\/vc_row]<\/p>\n<\/section>","protected":false},"excerpt":{"rendered":"<p>[vc_row full_width=&#8221;stretch_row&#8221; css=&#8221;.vc_custom_1537345585967{margin-top: 0px !important;margin-bottom: 0px !important;padding-top: 90px !important;padding-bottom: 90px !important;background-position: center !important;background-repeat: no-repeat !important;background-size: cover !important;}&#8221;][vc_column width=&#8221;2\/3&#8243; css=&#8221;.vc_custom_1687113350477{margin-top: 0px !important;margin-bottom: 0px !important;padding-top: 0px !important;padding-bottom: 0px !important;}&#8221;][vc_custom_heading text=&#8221;Gestion des absences simplifi\u00e9e&#8221; font_container=&#8221;tag:h6|font_size:15px|text_align:left|line_height:26px&#8221; use_theme_fonts=&#8221;yes&#8221; css=&#8221;.vc_custom_1728553190503{margin-top: 0px !important;margin-bottom: 12px !important;padding-top: 0px !important;}&#8221; el_class=&#8221;font-weight-medium letter-spacing-1&#8243;][vc_custom_heading text=&#8221;Prise en compte des absences pour l&#8217;affectation des demandes et des tourn\u00e9es&#8221; font_container=&#8221;tag:h3|font_size:40px|text_align:left|line_height:50px&#8221; [&hellip;]<\/p>\n","protected":false},"author":1,"featured_media":8695,"parent":0,"menu_order":0,"comment_status":"closed","ping_status":"closed","template":"","meta":{"_monsterinsights_skip_tracking":false,"_monsterinsights_sitenote_active":false,"_monsterinsights_sitenote_note":"","_monsterinsights_sitenote_category":0,"footnotes":""},"class_list":["post-6418","page","type-page","status-publish","has-post-thumbnail","hentry"],"featured_media_urls":{"thumbnail":["https:\/\/darwin-io.fr\/wp-content\/uploads\/2025\/06\/Gestion-des-conges-150x150.png",150,150,true],"medium":["https:\/\/darwin-io.fr\/wp-content\/uploads\/2025\/06\/Gestion-des-conges-300x57.png",300,57,true],"medium_large":["https:\/\/darwin-io.fr\/wp-content\/uploads\/2025\/06\/Gestion-des-conges-768x147.png",640,123,true],"large":["https:\/\/darwin-io.fr\/wp-content\/uploads\/2025\/06\/Gestion-des-conges-1024x196.png",640,123,true],"1536x1536":["https:\/\/darwin-io.fr\/wp-content\/uploads\/2025\/06\/Gestion-des-conges-1536x294.png",1536,294,true],"2048x2048":["https:\/\/darwin-io.fr\/wp-content\/uploads\/2025\/06\/Gestion-des-conges.png",1905,365,false],"woocommerce_thumbnail":["https:\/\/darwin-io.fr\/wp-content\/uploads\/2025\/06\/Gestion-des-conges-300x300.png",300,300,true],"woocommerce_single":["https:\/\/darwin-io.fr\/wp-content\/uploads\/2025\/06\/Gestion-des-conges-600x115.png",600,115,true],"woocommerce_gallery_thumbnail":["https:\/\/darwin-io.fr\/wp-content\/uploads\/2025\/06\/Gestion-des-conges-100x100.png",100,100,true],"portfolio_item-thumbnail":["https:\/\/darwin-io.fr\/wp-content\/uploads\/2025\/06\/Gestion-des-conges.png",600,115,false],"portfolio_item-thumbnail@2x":["https:\/\/darwin-io.fr\/wp-content\/uploads\/2025\/06\/Gestion-des-conges.png",1200,230,false],"portfolio_item-masonry":["https:\/\/darwin-io.fr\/wp-content\/uploads\/2025\/06\/Gestion-des-conges.png",600,115,false],"portfolio_item-masonry@2x":["https:\/\/darwin-io.fr\/wp-content\/uploads\/2025\/06\/Gestion-des-conges.png",1200,230,false],"portfolio_item-thumbnail_cinema":["https:\/\/darwin-io.fr\/wp-content\/uploads\/2025\/06\/Gestion-des-conges.png",800,153,false],"portfolio_item-thumbnail_portrait":["https:\/\/darwin-io.fr\/wp-content\/uploads\/2025\/06\/Gestion-des-conges.png",600,115,false],"portfolio_item-thumbnail_portrait@2x":["https:\/\/darwin-io.fr\/wp-content\/uploads\/2025\/06\/Gestion-des-conges.png",1200,230,false],"portfolio_item-thumbnail_square":["https:\/\/darwin-io.fr\/wp-content\/uploads\/2025\/06\/Gestion-des-conges.png",800,153,false]},"_links":{"self":[{"href":"https:\/\/darwin-io.fr\/index.php\/wp-json\/wp\/v2\/pages\/6418","targetHints":{"allow":["GET"]}}],"collection":[{"href":"https:\/\/darwin-io.fr\/index.php\/wp-json\/wp\/v2\/pages"}],"about":[{"href":"https:\/\/darwin-io.fr\/index.php\/wp-json\/wp\/v2\/types\/page"}],"author":[{"embeddable":true,"href":"https:\/\/darwin-io.fr\/index.php\/wp-json\/wp\/v2\/users\/1"}],"replies":[{"embeddable":true,"href":"https:\/\/darwin-io.fr\/index.php\/wp-json\/wp\/v2\/comments?post=6418"}],"version-history":[{"count":12,"href":"https:\/\/darwin-io.fr\/index.php\/wp-json\/wp\/v2\/pages\/6418\/revisions"}],"predecessor-version":[{"id":8463,"href":"https:\/\/darwin-io.fr\/index.php\/wp-json\/wp\/v2\/pages\/6418\/revisions\/8463"}],"wp:featuredmedia":[{"embeddable":true,"href":"https:\/\/darwin-io.fr\/index.php\/wp-json\/wp\/v2\/media\/8695"}],"wp:attachment":[{"href":"https:\/\/darwin-io.fr\/index.php\/wp-json\/wp\/v2\/media?parent=6418"}],"curies":[{"name":"wp","href":"https:\/\/api.w.org\/{rel}","templated":true}]}}